{"id":787,"date":"2019-03-08T11:28:02","date_gmt":"2019-03-08T11:28:02","guid":{"rendered":"https:\/\/dev.strafrecht-oldenburg.de\/?page_id=787"},"modified":"2019-03-28T13:50:39","modified_gmt":"2019-03-28T13:50:39","slug":"downloads","status":"publish","type":"page","link":"https:\/\/dev.strafrecht-oldenburg.de\/?page_id=787","title":{"rendered":"Downloads"},"content":{"rendered":"<div>\n<h1 class=\"font-white\">Downloads<\/h1>\n<\/div>\n<ul>\n<li>\n<p>        <img decoding=\"async\" src=\"wp-content\/uploads\/file.png\" alt=\"\"><\/p>\n<h3>Vollmacht RA Kim M\u00fcller<\/h3>\n<div><b><a href=\"https:\/\/dev.strafrecht-oldenburg.de\/download\/vollmacht-kim-mueller.pdf\" style=\"color: #000000;\">Vollmacht RA Kim M\u00fcller<\/a><\/b><\/div>\n<\/li>\n<li>\n<p>        <img decoding=\"async\" src=\"wp-content\/uploads\/file.png\" alt=\"\"><\/p>\n<h3>Vollmacht f\u00fcr M\u00fcller und Rohrlich GmbH (nur auf Aufforderung)<\/h3>\n<div><b><a href=\"https:\/\/dev.strafrecht-oldenburg.de\/download\/vollmacht-mueller-und-rohrlich.pdf\" style=\"color: #000000;\">Vollmacht f\u00fcr M\u00fcller und Rohrlich GmbH (nur auf Aufforderung)<\/a><\/b><\/div>\n<\/li>\n<li>\n<p>        <img decoding=\"async\" src=\"wp-content\/uploads\/file.png\" alt=\"\"><\/p>\n<h3>Prozesskostenhilfe-Antrag<\/h3>\n<div><b><a href=\"https:\/\/dev.strafrecht-oldenburg.de\/download\/PKH-Antrag.pdf\" style=\"color: #000000;\">Prozesskostenhilfe-Antrag<\/a><\/b><\/div>\n<\/li>\n<li>\n<p>        <img decoding=\"async\" src=\"wp-content\/uploads\/file.png\" alt=\"\"><\/p>\n<h3>Beratungshilfe-Antrag<\/h3>\n<div><b><a href=\"https:\/\/dev.strafrecht-oldenburg.de\/download\/Beratungshilfe-Antrag.pdf\" style=\"color: #000000;\">Beratungshilfe-Antrag<\/a><\/b><\/div>\n<\/li>\n<\/ul>\n<p><!-- {\"type\":\"layout\",\"children\":[{\"type\":\"section\",\"props\":{\"style\":\"secondary\",\"width\":\"default\",\"vertical_align\":\"middle\",\"title_position\":\"top-left\",\"title_rotation\":\"left\",\"title_breakpoint\":\"xl\",\"image_position\":\"center-center\",\"text_color\":\"\",\"width_expand\":\"\",\"height\":\"\",\"padding\":\"xsmall\",\"header_transparent\":\"\",\"animation\":\"\",\"css\":\".el-section {margin-top:25px}\"},\"children\":[{\"type\":\"row\",\"props\":{\"layout\":\"1-1\",\"breakpoint\":\"m\",\"fixed_width\":\"large\",\"gutter\":\"\",\"width\":\"\",\"width_expand\":\"\",\"height\":\"\",\"margin\":\"\"},\"children\":[{\"type\":\"column\",\"props\":{\"widths\":[\"1-1\"],\"image_position\":\"center-center\",\"media_overlay_gradient\":\"\",\"vertical_align\":\"\",\"style\":\"\",\"text_color\":\"\",\"padding\":\"\"},\"children\":[{\"type\":\"text\",\"props\":{\"margin\":\"default\",\"column_breakpoint\":\"m\",\"text_style\":\"\",\"text_color\":\"\",\"text_size\":\"\",\"column\":\"\",\"text_align\":\"\",\"text_align_breakpoint\":\"\",\"text_align_fallback\":\"\",\"maxwidth\":\"\",\"maxwidth_align\":\"\",\"maxwidth_breakpoint\":\"\",\"animation\":\"\",\"visibility\":\"\",\"content\":\"\n\n<h1 class=\\\"font-white\\\">Downloads<\\\/h1>\",\"css\":\"h1, .uk-h1 {\\n    font-size: 36px;\\n    line-height: 42px;\\n    font-family: 'Open Sans', sans-serif;\\n    text-transform:capitalize;\\n}\"}},{\"type\":\"grid\",\"props\":{\"show_title\":false,\"show_meta\":false,\"show_content\":true,\"show_image\":true,\"show_link\":true,\"grid_default\":\"1\",\"grid_medium\":\"2\",\"filter_style\":\"tab\",\"filter_all\":true,\"filter_position\":\"top\",\"filter_align\":\"left\",\"filter_grid_width\":\"auto\",\"filter_breakpoint\":\"m\",\"title_element\":\"h3\",\"meta_style\":\"meta\",\"meta_align\":\"bottom\",\"icon_ratio\":4,\"image_align\":\"left\",\"image_grid_width\":\"auto\",\"image_breakpoint\":\"m\",\"image_svg_color\":\"emphasis\",\"link_text\":\"Read more\",\"link_style\":\"default\",\"margin\":\"default\",\"item_animation\":\"\",\"gutter\":\"\",\"grid_small\":\"\",\"grid_large\":\"\",\"grid_xlarge\":\"\",\"filter_margin\":\"\",\"filter_gutter\":\"\",\"title_display\":\"\",\"content_display\":\"\",\"panel_style\":\"card-default\",\"panel_size\":\"small\",\"item_maxwidth\":\"\",\"title_style\":\"\",\"title_decoration\":\"\",\"title_color\":\"\",\"title_margin\":\"\",\"meta_color\":\"\",\"meta_margin\":\"\",\"content_style\":\"\",\"content_margin\":\"\",\"image_border\":\"\",\"image_box_shadow\":\"\",\"image_hover_box_shadow\":\"\",\"image_box_decoration\":\"\",\"icon_color\":\"\",\"image_gutter\":\"\",\"image_margin\":\"\",\"link_size\":\"\",\"link_margin\":\"\",\"text_align\":\"left\",\"text_align_breakpoint\":\"\",\"text_align_fallback\":\"\",\"maxwidth\":\"\",\"maxwidth_align\":\"\",\"maxwidth_breakpoint\":\"\",\"visibility\":\"\",\"grid_masonry\":false,\"image_width\":\"60%\",\"lightbox\":false,\"filter\":false,\"image_vertical_align\":true,\"image_card\":false},\"children\":[{\"type\":\"grid_item\",\"props\":{\"title\":\"Vollmacht RA Kim M\\u00fcller\",\"content\":\"<b><a href=\\\"https:\\\/\\\/dev.strafrecht-oldenburg.de\\\/download\\\/vollmacht-kim-mueller.pdf\\\" style=\\\"color: #000000;\\\">Vollmacht RA Kim M\\u00fcller<\\\/a><\\\/b>\",\"icon\":\"\",\"image\":\"wp-content\\\/uploads\\\/file.png\"}},{\"type\":\"grid_item\",\"props\":{\"title\":\"Vollmacht f\\u00fcr M\\u00fcller und Rohrlich GmbH (nur auf Aufforderung)\",\"image\":\"wp-content\\\/uploads\\\/file.png\",\"content\":\"<b><a href=\\\"https:\\\/\\\/dev.strafrecht-oldenburg.de\\\/download\\\/vollmacht-mueller-und-rohrlich.pdf\\\" style=\\\"color: #000000;\\\">Vollmacht f\\u00fcr M\\u00fcller und Rohrlich GmbH (nur auf Aufforderung)<\\\/a><\\\/b>\"}},{\"type\":\"grid_item\",\"props\":{\"title\":\"Prozesskostenhilfe-Antrag\",\"content\":\"<b><a href=\\\"https:\\\/\\\/dev.strafrecht-oldenburg.de\\\/download\\\/PKH-Antrag.pdf\\\" style=\\\"color: #000000;\\\">Prozesskostenhilfe-Antrag<\\\/a><\\\/b>\",\"image\":\"wp-content\\\/uploads\\\/file.png\"}},{\"type\":\"grid_item\",\"props\":{\"title\":\"Beratungshilfe-Antrag\",\"content\":\"<b><a href=\\\"https:\\\/\\\/dev.strafrecht-oldenburg.de\\\/download\\\/Beratungshilfe-Antrag.pdf\\\" style=\\\"color: #000000;\\\">Beratungshilfe-Antrag<\\\/a><\\\/b>\",\"image\":\"wp-content\\\/uploads\\\/file.png\"}}]}]}]}]}],\"version\":\"1.18.14\",\"props\":[]} --><\/p>\n","protected":false},"excerpt":{"rendered":"<p>Downloads Vollmacht RA Kim M\u00fcller Vollmacht RA Kim M\u00fcller Vollmacht f\u00fcr M\u00fcller und Rohrlich GmbH (nur auf Aufforderung) Vollmacht f\u00fcr M\u00fcller und Rohrlich GmbH (nur auf Aufforderung) Prozesskostenhilfe-Antrag Prozesskostenhilfe-Antrag Beratungshilfe-Antrag Beratungshilfe-Antrag<\/p>\n","protected":false},"author":1,"featured_media":0,"parent":0,"menu_order":0,"comment_status":"closed","ping_status":"closed","template":"","meta":{"footnotes":""},"class_list":["post-787","page","type-page","status-publish","hentry"],"aioseo_notices":[],"jetpack_sharing_enabled":true,"_links":{"self":[{"href":"https:\/\/dev.strafrecht-oldenburg.de\/index.php?rest_route=\/wp\/v2\/pages\/787","targetHints":{"allow":["GET"]}}],"collection":[{"href":"https:\/\/dev.strafrecht-oldenburg.de\/index.php?rest_route=\/wp\/v2\/pages"}],"about":[{"href":"https:\/\/dev.strafrecht-oldenburg.de\/index.php?rest_route=\/wp\/v2\/types\/page"}],"author":[{"embeddable":true,"href":"https:\/\/dev.strafrecht-oldenburg.de\/index.php?rest_route=\/wp\/v2\/users\/1"}],"replies":[{"embeddable":true,"href":"https:\/\/dev.strafrecht-oldenburg.de\/index.php?rest_route=%2Fwp%2Fv2%2Fcomments&post=787"}],"version-history":[{"count":18,"href":"https:\/\/dev.strafrecht-oldenburg.de\/index.php?rest_route=\/wp\/v2\/pages\/787\/revisions"}],"predecessor-version":[{"id":1154,"href":"https:\/\/dev.strafrecht-oldenburg.de\/index.php?rest_route=\/wp\/v2\/pages\/787\/revisions\/1154"}],"wp:attachment":[{"href":"https:\/\/dev.strafrecht-oldenburg.de\/index.php?rest_route=%2Fwp%2Fv2%2Fmedia&parent=787"}],"curies":[{"name":"wp","href":"https:\/\/api.w.org\/{rel}","templated":true}]}}